{"id":9147,"date":"2025-07-18T05:10:43","date_gmt":"2025-07-18T03:10:43","guid":{"rendered":"https:\/\/piwnespa.com\/kosik\/"},"modified":"2025-09-01T19:35:53","modified_gmt":"2025-09-01T17:35:53","slug":"kosik","status":"publish","type":"page","link":"https:\/\/piwnespa.com\/cs\/kosik\/","title":{"rendered":"Ko\u0161\u00edk"},"content":{"rendered":"\n<div data-block-name=\"woocommerce\/cart\" class=\"wp-block-woocommerce-cart alignwide is-loading\">\n<div data-block-name=\"woocommerce\/filled-cart-block\" class=\"wp-block-woocommerce-filled-cart-block\">\n<div data-block-name=\"woocommerce\/cart-items-block\" class=\"wp-block-woocommerce-cart-items-block\">\n<div data-block-name=\"woocommerce\/cart-line-items-block\" class=\"wp-block-woocommerce-cart-line-items-block\"><\/div>\n\n\n\n<div data-block-name=\"woocommerce\/cart-cross-sells-block\" class=\"wp-block-woocommerce-cart-cross-sells-block\">\n<h2 class=\"wp-block-heading has-large-font-size\">Pod\u00edvejte se na dal\u0161\u00ed stejn\u011b zaj\u00edmav\u00e9&#8230;<\/h2>\n\n\n\n<div data-block-name=\"woocommerce\/cart-cross-sells-products-block\" class=\"wp-block-woocommerce-cart-cross-sells-products-block\"><\/div>\n<\/div>\n<\/div>\n\n\n\n<div data-block-name=\"woocommerce\/cart-totals-block\" class=\"wp-block-woocommerce-cart-totals-block\">\n<div data-block-name=\"woocommerce\/cart-order-summary-block\" class=\"wp-block-woocommerce-cart-order-summary-block\">\n<div data-block-name=\"woocommerce\/cart-order-summary-heading-block\" class=\"wp-block-woocommerce-cart-order-summary-heading-block\"><\/div><div data-block-name=\"woocommerce\/cart-order-summary-coupon-form-block\" class=\"wp-block-woocommerce-cart-order-summary-coupon-form-block\"><\/div><div data-block-name=\"woocommerce\/cart-order-summary-totals-block\" class=\"wp-block-woocommerce-cart-order-summary-totals-block\">\n<div data-block-name=\"woocommerce\/cart-order-summary-subtotal-block\" class=\"wp-block-woocommerce-cart-order-summary-subtotal-block\"><\/div>\n<div data-block-name=\"woocommerce\/cart-order-summary-discount-block\" class=\"wp-block-woocommerce-cart-order-summary-discount-block\"><\/div>\n<div data-block-name=\"woocommerce\/cart-order-summary-fee-block\" class=\"wp-block-woocommerce-cart-order-summary-fee-block\"><\/div>\n<div data-block-name=\"woocommerce\/cart-order-summary-shipping-block\" class=\"wp-block-woocommerce-cart-order-summary-shipping-block\"><\/div>\n<div data-block-name=\"woocommerce\/cart-order-summary-taxes-block\" class=\"wp-block-woocommerce-cart-order-summary-taxes-block\"><\/div><\/div>\n<\/div>\n\n\n\n<div data-block-name=\"woocommerce\/cart-express-payment-block\" class=\"wp-block-woocommerce-cart-express-payment-block\"><\/div>\n\n\n\n<div data-block-name=\"woocommerce\/proceed-to-checkout-block\" class=\"wp-block-woocommerce-proceed-to-checkout-block\"><\/div>\n\n\n\n<div data-block-name=\"woocommerce\/cart-accepted-payment-methods-block\" class=\"wp-block-woocommerce-cart-accepted-payment-methods-block\"><\/div>\n<\/div>\n<\/div>\n\n\n\n<div data-block-name=\"woocommerce\/empty-cart-block\" class=\"wp-block-woocommerce-empty-cart-block\">\n<h2 class=\"wp-block-heading has-text-align-center with-empty-cart-icon wc-block-cart__empty-cart__title\">V\u00e1\u0161 n\u00e1kupn\u00ed ko\u0161\u00edk je moment\u00e1ln\u011b pr\u00e1zdn\u00fd!<\/h2>\n\n\n\n<hr class=\"wp-block-separator has-alpha-channel-opacity is-style-dots\"\/>\n\n\n\n<h2 class=\"wp-block-heading has-text-align-center\">Novinka v obchod\u011b<\/h2>\n\n\n<div data-block-name=\"woocommerce\/product-new\" data-columns=\"4\" data-rows=\"1\" class=\"wc-block-grid wp-block-product-new wp-block-woocommerce-product-new wc-block-product-new has-4-columns\"><ul class=\"wc-block-grid__products\"><li class=\"wc-block-grid__product\">\n\t\t\t\t<a href=\"https:\/\/piwnespa.com\/cs\/produkt\/pivni-kosmetika-bohemia\/\" class=\"wc-block-grid__product-link\">\n\t\t\t\t\t\n\t\t\t\t\t<div class=\"wc-block-grid__product-image\"><img loading=\"lazy\" decoding=\"async\" width=\"300\" height=\"300\" src=\"https:\/\/piwnespa.com\/wp-content\/uploads\/2025\/07\/spa-zakopane-piwne-kosmetyki-5-300x300.jpeg\" class=\"attachment-woocommerce_thumbnail size-woocommerce_thumbnail\" alt=\"Pivn\u00ed kosmetika Bohemia\" srcset=\"https:\/\/piwnespa.com\/wp-content\/uploads\/2025\/07\/spa-zakopane-piwne-kosmetyki-5-300x300.jpeg 300w, https:\/\/piwnespa.com\/wp-content\/uploads\/2025\/07\/spa-zakopane-piwne-kosmetyki-5-1024x1024.jpeg 1024w, https:\/\/piwnespa.com\/wp-content\/uploads\/2025\/07\/spa-zakopane-piwne-kosmetyki-5-150x150.jpeg 150w, https:\/\/piwnespa.com\/wp-content\/uploads\/2025\/07\/spa-zakopane-piwne-kosmetyki-5-768x768.jpeg 768w, https:\/\/piwnespa.com\/wp-content\/uploads\/2025\/07\/spa-zakopane-piwne-kosmetyki-5-1200x1200.jpeg 1200w, https:\/\/piwnespa.com\/wp-content\/uploads\/2025\/07\/spa-zakopane-piwne-kosmetyki-5-600x600.jpeg 600w, https:\/\/piwnespa.com\/wp-content\/uploads\/2025\/07\/spa-zakopane-piwne-kosmetyki-5-100x100.jpeg 100w, https:\/\/piwnespa.com\/wp-content\/uploads\/2025\/07\/spa-zakopane-piwne-kosmetyki-5.jpeg 1280w\" sizes=\"auto, (max-width: 300px) 100vw, 300px\" \/><\/div>\n\t\t\t\t\t<div class=\"wc-block-grid__product-title\">Pivn\u00ed kosmetika Bohemia<\/div>\n\t\t\t\t<\/a>\n\t\t\t\t<div class=\"wc-block-grid__product-price price\"><span class=\"woocommerce-Price-amount amount\">75,00&nbsp;<span class=\"woocommerce-Price-currencySymbol\">&#122;&#322;<\/span><\/span><\/div>\n\t\t\t\t\n\t\t\t\t<div class=\"wp-block-button wc-block-grid__product-add-to-cart\"><a href=\"https:\/\/piwnespa.com\/cs\/produkt\/pivni-kosmetika-bohemia\/\" aria-label=\"Zjistit v\u00edce o &bdquo;Pivn\u00ed kosmetika Bohemia&ldquo;\" data-quantity=\"1\" data-product_id=\"9710\" data-product_sku=\"\" data-price=\"75\" rel=\"nofollow\" class=\"wp-block-button__link  add_to_cart_button\">\u010ct\u011bte v\u00edce<\/a><\/div>\n\t\t\t<\/li><li class=\"wc-block-grid__product\">\n\t\t\t\t<a href=\"https:\/\/piwnespa.com\/cs\/produkt\/pivni-kosmetika-saela\/\" class=\"wc-block-grid__product-link\">\n\t\t\t\t\t\n\t\t\t\t\t<div class=\"wc-block-grid__product-image\"><img loading=\"lazy\" decoding=\"async\" width=\"300\" height=\"300\" src=\"https:\/\/piwnespa.com\/wp-content\/uploads\/2025\/07\/spa-zakopane-piwne-kosmetyki-2.jpg-300x300.jpeg\" class=\"attachment-woocommerce_thumbnail size-woocommerce_thumbnail\" alt=\"Pivn\u00ed kosmetika Saela\" srcset=\"https:\/\/piwnespa.com\/wp-content\/uploads\/2025\/07\/spa-zakopane-piwne-kosmetyki-2.jpg-300x300.jpeg 300w, https:\/\/piwnespa.com\/wp-content\/uploads\/2025\/07\/spa-zakopane-piwne-kosmetyki-2.jpg-1024x1024.jpeg 1024w, https:\/\/piwnespa.com\/wp-content\/uploads\/2025\/07\/spa-zakopane-piwne-kosmetyki-2.jpg-150x150.jpeg 150w, https:\/\/piwnespa.com\/wp-content\/uploads\/2025\/07\/spa-zakopane-piwne-kosmetyki-2.jpg-768x768.jpeg 768w, https:\/\/piwnespa.com\/wp-content\/uploads\/2025\/07\/spa-zakopane-piwne-kosmetyki-2.jpg-1200x1200.jpeg 1200w, https:\/\/piwnespa.com\/wp-content\/uploads\/2025\/07\/spa-zakopane-piwne-kosmetyki-2.jpg-600x600.jpeg 600w, https:\/\/piwnespa.com\/wp-content\/uploads\/2025\/07\/spa-zakopane-piwne-kosmetyki-2.jpg-100x100.jpeg 100w, https:\/\/piwnespa.com\/wp-content\/uploads\/2025\/07\/spa-zakopane-piwne-kosmetyki-2.jpg.jpeg 1280w\" sizes=\"auto, (max-width: 300px) 100vw, 300px\" \/><\/div>\n\t\t\t\t\t<div class=\"wc-block-grid__product-title\">Pivn\u00ed kosmetika Saela<\/div>\n\t\t\t\t<\/a>\n\t\t\t\t<div class=\"wc-block-grid__product-price price\"><span class=\"woocommerce-Price-amount amount\">115,00&nbsp;<span class=\"woocommerce-Price-currencySymbol\">&#122;&#322;<\/span><\/span><\/div>\n\t\t\t\t\n\t\t\t\t<div class=\"wp-block-button wc-block-grid__product-add-to-cart\"><a href=\"https:\/\/piwnespa.com\/cs\/produkt\/pivni-kosmetika-saela\/\" aria-label=\"Zjistit v\u00edce o &bdquo;Pivn\u00ed kosmetika Saela&ldquo;\" data-quantity=\"1\" data-product_id=\"9636\" data-product_sku=\"\" data-price=\"115\" rel=\"nofollow\" class=\"wp-block-button__link  add_to_cart_button\">\u010ct\u011bte v\u00edce<\/a><\/div>\n\t\t\t<\/li><li class=\"wc-block-grid__product\">\n\t\t\t\t<a href=\"https:\/\/piwnespa.com\/cs\/produkt\/voucher-lazne-zakopane\/\" class=\"wc-block-grid__product-link\">\n\t\t\t\t\t\n\t\t\t\t\t<div class=\"wc-block-grid__product-image\"><img loading=\"lazy\" decoding=\"async\" width=\"300\" height=\"300\" src=\"https:\/\/piwnespa.com\/wp-content\/uploads\/2025\/07\/voucher-300x300.jpg\" class=\"attachment-woocommerce_thumbnail size-woocommerce_thumbnail\" alt=\"Voucher L\u00e1zn\u011b Zakopan\u00e9\" srcset=\"https:\/\/piwnespa.com\/wp-content\/uploads\/2025\/07\/voucher-300x300.jpg 300w, https:\/\/piwnespa.com\/wp-content\/uploads\/2025\/07\/voucher-150x150.jpg 150w, https:\/\/piwnespa.com\/wp-content\/uploads\/2025\/07\/voucher-600x600.jpg 600w, https:\/\/piwnespa.com\/wp-content\/uploads\/2025\/07\/voucher-100x100.jpg 100w\" sizes=\"auto, (max-width: 300px) 100vw, 300px\" \/><\/div>\n\t\t\t\t\t<div class=\"wc-block-grid__product-title\">Voucher L\u00e1zn\u011b Zakopan\u00e9<\/div>\n\t\t\t\t<\/a>\n\t\t\t\t<div class=\"wc-block-grid__product-price price\"><span class=\"woocommerce-Price-amount amount\" aria-hidden=\"true\">150,00&nbsp;<span class=\"woocommerce-Price-currencySymbol\">&#122;&#322;<\/span><\/span> <span aria-hidden=\"true\">&ndash;<\/span> <span class=\"woocommerce-Price-amount amount\" aria-hidden=\"true\">990,00&nbsp;<span class=\"woocommerce-Price-currencySymbol\">&#122;&#322;<\/span><\/span><span class=\"screen-reader-text\">Rozp\u011bt\u00ed cen: 150,00&nbsp;&#122;&#322; a\u017e 990,00&nbsp;&#122;&#322;<\/span><\/div>\n\t\t\t\t<div class=\"wc-block-grid__product-rating\"><div class=\"star-rating\" role=\"img\" aria-label=\"Hodnocen\u00ed 4.87 z 5\"><span style=\"width:97.4%\">Hodnoceno <strong class=\"rating\">4.87<\/strong> z 5 na z\u00e1klad\u011b <span class=\"rating\">15<\/span> hodnocen\u00ed z\u00e1kazn\u00edka<\/span><\/div><\/div>\n\t\t\t\t<div class=\"wp-block-button wc-block-grid__product-add-to-cart\"><a href=\"https:\/\/piwnespa.com\/cs\/produkt\/voucher-lazne-zakopane\/\" aria-label=\"Vyberte nastaven\u00ed pro &bdquo;Voucher L\u00e1zn\u011b Zakopan\u00e9&ldquo;\" data-quantity=\"1\" data-product_id=\"9668\" data-product_sku=\"sku-voucher-upominkowy\" data-price=\"330\" rel=\"nofollow\" class=\"wp-block-button__link  add_to_cart_button\">V\u00fdb\u011br mo\u017enost\u00ed<\/a><\/div>\n\t\t\t<\/li><\/ul><\/div><\/div>\n<\/div>\n","protected":false},"excerpt":{"rendered":"","protected":false},"author":1,"featured_media":9140,"parent":0,"menu_order":0,"comment_status":"closed","ping_status":"closed","template":"","meta":{"_acf_changed":false,"footnotes":""},"class_list":["post-9147","page","type-page","status-publish","has-post-thumbnail","hentry"],"acf":[],"_links":{"self":[{"href":"https:\/\/piwnespa.com\/cs\/wp-json\/wp\/v2\/pages\/9147","targetHints":{"allow":["GET"]}}],"collection":[{"href":"https:\/\/piwnespa.com\/cs\/wp-json\/wp\/v2\/pages"}],"about":[{"href":"https:\/\/piwnespa.com\/cs\/wp-json\/wp\/v2\/types\/page"}],"author":[{"embeddable":true,"href":"https:\/\/piwnespa.com\/cs\/wp-json\/wp\/v2\/users\/1"}],"replies":[{"embeddable":true,"href":"https:\/\/piwnespa.com\/cs\/wp-json\/wp\/v2\/comments?post=9147"}],"version-history":[{"count":1,"href":"https:\/\/piwnespa.com\/cs\/wp-json\/wp\/v2\/pages\/9147\/revisions"}],"predecessor-version":[{"id":9150,"href":"https:\/\/piwnespa.com\/cs\/wp-json\/wp\/v2\/pages\/9147\/revisions\/9150"}],"wp:featuredmedia":[{"embeddable":true,"href":"https:\/\/piwnespa.com\/cs\/wp-json\/wp\/v2\/media\/9140"}],"wp:attachment":[{"href":"https:\/\/piwnespa.com\/cs\/wp-json\/wp\/v2\/media?parent=9147"}],"curies":[{"name":"wp","href":"https:\/\/api.w.org\/{rel}","templated":true}]}}