{"id":9710,"date":"2025-07-28T12:49:31","date_gmt":"2025-07-28T12:49:31","guid":{"rendered":"https:\/\/piwnespa.com\/produkt\/pivni-kosmetika-bohemia\/"},"modified":"2025-07-28T12:49:31","modified_gmt":"2025-07-28T10:49:31","slug":"pivni-kosmetika-bohemia","status":"publish","type":"product","link":"https:\/\/piwnespa.com\/cs\/produkt\/pivni-kosmetika-bohemia\/","title":{"rendered":"Pivn\u00ed kosmetika Bohemia"},"content":{"rendered":"<div class=\"elementor-element elementor-element-168cc799 elementor-widget elementor-widget-woocommerce-product-short-description\" data-id=\"168cc799\" data-element_type=\"widget\" data-widget_type=\"woocommerce-product-short-description.default\">\n<div class=\"elementor-widget-container\">\n<div class=\"woocommerce-product-details__short-description\">\n<p>Sada pivn\u00ed kosmetiky SAELA.<\/p>\n<p>Jedn\u00e1 se o unik\u00e1tn\u00ed p\u0159\u00edpravky, kter\u00e9 maj\u00ed ve sv\u00e9m slo\u017een\u00ed zn\u00e1m\u00e9 \u010desk\u00e9 pivo, chmelov\u00fd extrakt a pivovarsk\u00e9 kvasnice. V\u0161echny kosmetick\u00e9 p\u0159\u00edpravky jsou hypoalergenn\u00ed, jemn\u00e9 a maj\u00ed p\u0159\u00edjemnou ovocnou v\u016fni. V\u00fdrobky jsou vhodn\u00e9 pro mu\u017ee i \u017eeny a tak\u00e9 pro d\u011bti od 3 let. P\u0159i pravideln\u00e9m pou\u017e\u00edv\u00e1n\u00ed udr\u017euj\u00ed poko\u017eku hydratovanou, pru\u017enou, jemnou a hebkou.   <\/p>\n<p>V\u010detn\u011b:<\/p>\n<p>&#8211; 1 x sprchov\u00fd gel 300 ml<br \/>\n&#8211; 1 x peeling 300 ml<br \/>\n&#8211; 1 x maska na obli\u010dej, krk a dekolt<\/p>\n<p><strong>Sada je ide\u00e1ln\u00ed jako d\u00e1rek!  <\/strong><\/p>\n<p>P\u0159eprava v elegantn\u00edm kraftov\u00e9m obalu.<\/p>\n<\/div>\n<\/div>\n<\/div>\n","protected":false},"excerpt":{"rendered":"<p>Sada pivn\u00ed kosmetiky SAELA. Jedn\u00e1 se o unik\u00e1tn\u00ed p\u0159\u00edpravky, kter\u00e9 maj\u00ed ve sv\u00e9m slo\u017een\u00ed zn\u00e1m\u00e9 \u010desk\u00e9 pivo, chmelov\u00fd extrakt a pivovarsk\u00e9 kvasnice. V\u0161echny kosmetick\u00e9 p\u0159\u00edpravky jsou hypoalergenn\u00ed, jemn\u00e9 a maj\u00ed p\u0159\u00edjemnou ovocnou v\u016fni. V\u00fdrobky jsou vhodn\u00e9 pro mu\u017ee i \u017eeny a tak\u00e9 pro d\u011bti od 3 let. P\u0159i pravideln\u00e9m pou\u017e\u00edv\u00e1n\u00ed udr\u017euj\u00ed poko\u017eku hydratovanou, pru\u017enou, jemnou [&hellip;]<\/p>\n","protected":false},"featured_media":3125,"comment_status":"open","ping_status":"closed","template":"","meta":{"_acf_changed":false},"product_brand":[],"product_cat":[375],"product_tag":[],"class_list":{"0":"post-9710","1":"product","2":"type-product","3":"status-publish","4":"has-post-thumbnail","6":"product_cat-pivni-kosmetika","8":"first","9":"outofstock","10":"taxable","11":"shipping-taxable","12":"purchasable","13":"product-type-simple"},"acf":[],"_links":{"self":[{"href":"https:\/\/piwnespa.com\/cs\/wp-json\/wp\/v2\/product\/9710","targetHints":{"allow":["GET"]}}],"collection":[{"href":"https:\/\/piwnespa.com\/cs\/wp-json\/wp\/v2\/product"}],"about":[{"href":"https:\/\/piwnespa.com\/cs\/wp-json\/wp\/v2\/types\/product"}],"replies":[{"embeddable":true,"href":"https:\/\/piwnespa.com\/cs\/wp-json\/wp\/v2\/comments?post=9710"}],"wp:featuredmedia":[{"embeddable":true,"href":"https:\/\/piwnespa.com\/cs\/wp-json\/wp\/v2\/media\/3125"}],"wp:attachment":[{"href":"https:\/\/piwnespa.com\/cs\/wp-json\/wp\/v2\/media?parent=9710"}],"wp:term":[{"taxonomy":"product_brand","embeddable":true,"href":"https:\/\/piwnespa.com\/cs\/wp-json\/wp\/v2\/product_brand?post=9710"},{"taxonomy":"product_cat","embeddable":true,"href":"https:\/\/piwnespa.com\/cs\/wp-json\/wp\/v2\/product_cat?post=9710"},{"taxonomy":"product_tag","embeddable":true,"href":"https:\/\/piwnespa.com\/cs\/wp-json\/wp\/v2\/product_tag?post=9710"}],"curies":[{"name":"wp","href":"https:\/\/api.w.org\/{rel}","templated":true}]}}