{"id":9593,"date":"2025-07-18T05:15:22","date_gmt":"2025-07-18T05:15:22","guid":{"rendered":"https:\/\/piwnespa.com\/produkt\/bon-spa-zakopane\/"},"modified":"2025-09-03T18:57:23","modified_gmt":"2025-09-03T16:57:23","slug":"bon-spa-zakopane","status":"publish","type":"product","link":"https:\/\/piwnespa.com\/fr\/produkt\/bon-spa-zakopane\/","title":{"rendered":"Bon Spa Zakopane"},"content":{"rendered":"<h3 style=\"text-align: center;\">Un bon pour un traitement pour deux ou pour une personne :<\/h3>\n<p>&nbsp;<\/p>\n<p><strong>Bain de bi\u00e8re avec d\u00e9gustation<\/strong><\/p>\n<p>&#8211; est le choix id\u00e9al pour les amateurs de bi\u00e8re. Le bain est pr\u00e9par\u00e9 en dissolvant de la bi\u00e8re naturelle et de l&#8217;huile de bain \u00e0 la bi\u00e8re dans de l&#8217;eau. Le traitement est accompagn\u00e9 d&#8217;une d\u00e9gustation de bi\u00e8re du Browar Zamkowy Cieszyn.  <\/p>\n<p>&nbsp;<\/p>\n<p><strong>Bain de vin avec d\u00e9gustation<\/strong><\/p>\n<p>&#8211; Pr\u00e9par\u00e9 \u00e0 partir de l&#8217;extraction du vin sous forme de bain moussant. Il favorise la r\u00e9duction des tissus adipeux et de la cellulite. Le bain est accompagn\u00e9 d&#8217;une d\u00e9gustation de vin.  <\/p>\n<p>&nbsp;<\/p>\n<p><strong>Bain de bi\u00e8re ou de vin VIP avec sauna et d\u00e9gustation illimit\u00e9e<\/strong><\/p>\n<p>&#8211; R\u00e9chauffez-vous dans le sauna, choisissez votre type de bain et profitez de d\u00e9gustations \u00e0 volont\u00e9. Le bain VIP est une excellente id\u00e9e de cadeau sous forme de bon. <\/p>\n<p>&nbsp;<\/p>\n<p><strong>Bain de lait romantique<\/strong><\/p>\n<p>&#8211; Une s\u00e9ance de sauna, un bain romantique au lait de ch\u00e8vre d\u00e9cor\u00e9 de p\u00e9tales de roses, accompagn\u00e9 d&#8217;une d\u00e9gustation de Prosecco. Le tout dans une atmosph\u00e8re intime, \u00e0 la lumi\u00e8re des bougies. Un bon pour un bain romantique au spa de Zakopane est un cadeau id\u00e9al pour les jeunes mari\u00e9s.  <\/p>\n<p>&nbsp;<\/p>\n<p><strong>Bain d&#8217;or  <\/strong><\/p>\n<p>\u2013 un bain lact\u00e9 scintillant de particules dor\u00e9es et d\u00e9cor\u00e9 de p\u00e9tales de rose flottants est un v\u00e9ritable r\u00e9gal pour les sens. Des ar\u00f4mes apaisants, une musique douce et la lueur des bougies : le cadre id\u00e9al pour une soir\u00e9e en t\u00eate-\u00e0-t\u00eate. Un verre de prosecco vient souligner le caract\u00e8re unique de cette exp\u00e9rience.  <\/p>\n<p>&nbsp;<\/p>\n<p><strong>Forfait Spa de jour \u00e0 la bi\u00e8re<\/strong><\/p>\n<p>&#8211; Bain de bi\u00e8re + d\u00e9gustation de diverses bi\u00e8res artisanales de la brasserie du ch\u00e2teau de Cieszyn + massage de relaxation partielle. Un bon pour un traitement au spa de Zakopane lors de la journ\u00e9e de la bi\u00e8re sera le cadeau id\u00e9al pour les amateurs de bi\u00e8re. <\/p>\n<p>&nbsp;<\/p>\n<p><strong>Forfait sp\u00e9cial Spa de jour<\/strong><\/p>\n<p>&#8211; Bain VIP + massage de relaxation holistique. Il s&#8217;agit d&#8217;un traitement con\u00e7u pour les personnes qui souhaitent se d\u00e9tendre au plus haut niveau. Vous cherchez un bon pour le Spa de Zakopane ? Offrez \u00e0 un \u00eatre cher une exp\u00e9rience inoubliable et une d\u00e9tente bienfaisante avec un traitement sp\u00e9cial au spa.   <\/p>\n<p>&nbsp;<\/p>\n<p><strong>Forfait Spa de jour pour l&#8217;amour<\/strong><\/p>\n<p>&#8211; bain romantique + massage de relaxation partielle. Un bon pour ce traitement est tr\u00e8s souvent attribu\u00e9 aux jeunes mari\u00e9s. Rien ne rapproche plus une relation que de se d\u00e9tendre ensemble dans la capitale des Tatras.  <\/p>\n<p>&nbsp;<\/p>\n<p><strong>Forfait Gold Day Spa<\/strong><\/p>\n<p>\u2013 bain gold + massage complet du corps \u00e0 base de beurre de karit\u00e9 et d&#8217;or collo\u00efdal. Le massage vous permettra de d\u00e9tendre vos muscles tendus, tout en profitant ensemble d&#8217;un moment rien que pour vous. Tout le rituel se d\u00e9roule dans l&#8217;intimit\u00e9 d&#8217;un bain priv\u00e9.  <\/p>\n<p>&nbsp;<\/p>\n<p><strong>Relaxation, massage \u00e0 la bi\u00e8re, classique ou \u00e0 la bougie<\/strong><\/p>\n<p>&#8211; Les amateurs de massages seront certainement ravis de recevoir un bon pour le Beer Spa de Zakopane, qui leur permettra de se d\u00e9tendre pendant un massage effectu\u00e9 par un physioth\u00e9rapeute qualifi\u00e9.<\/p>\n","protected":false},"excerpt":{"rendered":"<p>Un bon pour un traitement pour deux ou pour une personne : &nbsp; Bain de bi\u00e8re avec d\u00e9gustation &#8211; est le choix id\u00e9al pour les amateurs de bi\u00e8re. Le bain est pr\u00e9par\u00e9 en dissolvant de la bi\u00e8re naturelle et de l&#8217;huile de bain \u00e0 la bi\u00e8re dans de l&#8217;eau. Le traitement est accompagn\u00e9 d&#8217;une d\u00e9gustation [&hellip;]<\/p>\n","protected":false},"featured_media":9606,"comment_status":"open","ping_status":"closed","template":"","meta":{"_acf_changed":false},"product_brand":[],"product_cat":[372],"product_tag":[486],"class_list":{"0":"post-9593","1":"product","2":"type-product","3":"status-publish","4":"has-post-thumbnail","6":"product_cat-cheque-cadeau","7":"product_tag-voucher-fr","8":"product_shipping_class-livraison-electronique","9":"pa_zabiegi-bain-de-biere-1-personne","10":"pa_zabiegi-bain-de-biere-2-personnes","11":"pa_zabiegi-bain-de-vin-1-personne","12":"pa_zabiegi-bain-de-vin-2-personnes","13":"pa_zabiegi-bain-gold-1-personne","14":"pa_zabiegi-bain-gold-2-personnes","15":"pa_zabiegi-bain-romantique-1-personne","16":"pa_zabiegi-bain-romantique-2-personnes","17":"pa_zabiegi-bain-vip-1-personne","18":"pa_zabiegi-bain-vip-2-personnes","19":"pa_zabiegi-biere-day-spa-2-personnes","20":"pa_zabiegi-gold-day-spa-1-personne","21":"pa_zabiegi-gold-day-spa-2-personnes","22":"pa_zabiegi-love-day-spa-1-personne","23":"pa_zabiegi-love-day-spa-2-personnes","24":"pa_zabiegi-massage-a-la-biere-1-personne","25":"pa_zabiegi-massage-a-la-biere-2-personnes","26":"pa_zabiegi-massage-aux-bougies-1-personne","27":"pa_zabiegi-massage-aux-bougies-2-personnes","28":"pa_zabiegi-massage-classique-1-personne","29":"pa_zabiegi-massage-classique-2-personnes","30":"pa_zabiegi-massage-de-relaxation-partielle-2-personnes","31":"pa_zabiegi-massage-relaxant-de-tout-le-corps-1-personne","32":"pa_zabiegi-massage-relaxant-de-tout-le-corps-2-personnes","33":"pa_zabiegi-massage-relaxant-partiel-1-personne","34":"pa_zabiegi-spa-de-jour-a-la-biere-1-personne","35":"pa_zabiegi-special-day-spa-1-personne","36":"pa_zabiegi-special-day-spa-2-personnes","37":"pa_zabiegi-traitement-du-visage-a-la-biere-1-personne","38":"pa_zabiegi-traitement-du-visage-a-la-biere-2-personnes","40":"first","41":"instock","42":"taxable","43":"shipping-taxable","44":"purchasable","45":"product-type-variable"},"acf":[],"_links":{"self":[{"href":"https:\/\/piwnespa.com\/fr\/wp-json\/wp\/v2\/product\/9593","targetHints":{"allow":["GET"]}}],"collection":[{"href":"https:\/\/piwnespa.com\/fr\/wp-json\/wp\/v2\/product"}],"about":[{"href":"https:\/\/piwnespa.com\/fr\/wp-json\/wp\/v2\/types\/product"}],"replies":[{"embeddable":true,"href":"https:\/\/piwnespa.com\/fr\/wp-json\/wp\/v2\/comments?post=9593"}],"wp:featuredmedia":[{"embeddable":true,"href":"https:\/\/piwnespa.com\/fr\/wp-json\/wp\/v2\/media\/9606"}],"wp:attachment":[{"href":"https:\/\/piwnespa.com\/fr\/wp-json\/wp\/v2\/media?parent=9593"}],"wp:term":[{"taxonomy":"product_brand","embeddable":true,"href":"https:\/\/piwnespa.com\/fr\/wp-json\/wp\/v2\/product_brand?post=9593"},{"taxonomy":"product_cat","embeddable":true,"href":"https:\/\/piwnespa.com\/fr\/wp-json\/wp\/v2\/product_cat?post=9593"},{"taxonomy":"product_tag","embeddable":true,"href":"https:\/\/piwnespa.com\/fr\/wp-json\/wp\/v2\/product_tag?post=9593"}],"curies":[{"name":"wp","href":"https:\/\/api.w.org\/{rel}","templated":true}]}}