{"id":9601,"date":"2025-07-28T12:48:03","date_gmt":"2025-07-28T12:48:03","guid":{"rendered":"https:\/\/piwnespa.com\/produkt\/saela-beer-cosmetics\/"},"modified":"2025-07-28T12:48:03","modified_gmt":"2025-07-28T10:48:03","slug":"saela-beer-cosmetics","status":"publish","type":"product","link":"https:\/\/piwnespa.com\/fr\/produkt\/saela-beer-cosmetics\/","title":{"rendered":"Saela Beer Cosmetics"},"content":{"rendered":"<div class=\"elementor-element elementor-element-168cc799 elementor-widget elementor-widget-woocommerce-product-short-description\" data-id=\"168cc799\" data-element_type=\"widget\" data-widget_type=\"woocommerce-product-short-description.default\">\n<div class=\"elementor-widget-container\">\n<div class=\"woocommerce-product-details__short-description\">\n<p>Un set de cosm\u00e9tiques pour la bi\u00e8re de SAELA.<\/p>\n<p>Il s&#8217;agit de pr\u00e9parations uniques qui contiennent la c\u00e9l\u00e8bre bi\u00e8re tch\u00e8que, de l&#8217;extrait de houblon et de la levure de bi\u00e8re. Tous les produits cosm\u00e9tiques sont hypoallerg\u00e9niques, doux et ont un parfum agr\u00e9able et fruit\u00e9. Les produits conviennent aux hommes et aux femmes, ainsi qu&#8217;aux enfants \u00e0 partir de 3 ans. Utilis\u00e9s r\u00e9guli\u00e8rement, ils maintiennent la peau hydrat\u00e9e, souple, douce et soyeuse.   <\/p>\n<p>Inclus :<\/p>\n<p>&#8211; 1 x Gel douche 300 ml<br \/>\n&#8211; 1 x Peeling 300 ml<br \/>\n&#8211; 1 x Masque visage, cou et d\u00e9collet\u00e9<\/p>\n<p><strong>Le set est parfait pour un cadeau !  <\/strong><\/p>\n<p>Exp\u00e9dition dans un \u00e9l\u00e9gant emballage kraft.<\/p>\n<\/div>\n<\/div>\n<\/div>\n","protected":false},"excerpt":{"rendered":"<p>Un set de cosm\u00e9tiques pour la bi\u00e8re de SAELA. Il s&#8217;agit de pr\u00e9parations uniques qui contiennent la c\u00e9l\u00e8bre bi\u00e8re tch\u00e8que, de l&#8217;extrait de houblon et de la levure de bi\u00e8re. Tous les produits cosm\u00e9tiques sont hypoallerg\u00e9niques, doux et ont un parfum agr\u00e9able et fruit\u00e9. Les produits conviennent aux hommes et aux femmes, ainsi qu&#8217;aux enfants [&hellip;]<\/p>\n","protected":false},"featured_media":3122,"comment_status":"open","ping_status":"closed","template":"","meta":{"_acf_changed":false},"product_brand":[],"product_cat":[341],"product_tag":[],"class_list":{"0":"post-9601","1":"product","2":"type-product","3":"status-publish","4":"has-post-thumbnail","6":"product_cat-biere-cosmetique","8":"first","9":"outofstock","10":"taxable","11":"shipping-taxable","12":"purchasable","13":"product-type-simple"},"acf":[],"_links":{"self":[{"href":"https:\/\/piwnespa.com\/fr\/wp-json\/wp\/v2\/product\/9601","targetHints":{"allow":["GET"]}}],"collection":[{"href":"https:\/\/piwnespa.com\/fr\/wp-json\/wp\/v2\/product"}],"about":[{"href":"https:\/\/piwnespa.com\/fr\/wp-json\/wp\/v2\/types\/product"}],"replies":[{"embeddable":true,"href":"https:\/\/piwnespa.com\/fr\/wp-json\/wp\/v2\/comments?post=9601"}],"wp:featuredmedia":[{"embeddable":true,"href":"https:\/\/piwnespa.com\/fr\/wp-json\/wp\/v2\/media\/3122"}],"wp:attachment":[{"href":"https:\/\/piwnespa.com\/fr\/wp-json\/wp\/v2\/media?parent=9601"}],"wp:term":[{"taxonomy":"product_brand","embeddable":true,"href":"https:\/\/piwnespa.com\/fr\/wp-json\/wp\/v2\/product_brand?post=9601"},{"taxonomy":"product_cat","embeddable":true,"href":"https:\/\/piwnespa.com\/fr\/wp-json\/wp\/v2\/product_cat?post=9601"},{"taxonomy":"product_tag","embeddable":true,"href":"https:\/\/piwnespa.com\/fr\/wp-json\/wp\/v2\/product_tag?post=9601"}],"curies":[{"name":"wp","href":"https:\/\/api.w.org\/{rel}","templated":true}]}}