{"id":8622,"date":"2025-08-12T19:20:39","date_gmt":"2025-08-12T17:20:39","guid":{"rendered":"https:\/\/piwnespa.com\/legfeljebb-4-fos-csoportok-szamara\/"},"modified":"2025-09-01T19:37:34","modified_gmt":"2025-09-01T17:37:34","slug":"legfeljebb-4-fos-csoportok-szamara","status":"publish","type":"page","link":"https:\/\/piwnespa.com\/hu\/csoportok-szamara\/legfeljebb-4-fos-csoportok-szamara\/","title":{"rendered":"Legfeljebb 4 f\u0151s csoportok sz\u00e1m\u00e1ra."},"content":{"rendered":"","protected":false},"excerpt":{"rendered":"","protected":false},"author":1,"featured_media":0,"parent":9358,"menu_order":0,"comment_status":"closed","ping_status":"closed","template":"","meta":{"_acf_changed":false,"footnotes":""},"class_list":["post-8622","page","type-page","status-publish","hentry"],"acf":[],"_links":{"self":[{"href":"https:\/\/piwnespa.com\/hu\/wp-json\/wp\/v2\/pages\/8622","targetHints":{"allow":["GET"]}}],"collection":[{"href":"https:\/\/piwnespa.com\/hu\/wp-json\/wp\/v2\/pages"}],"about":[{"href":"https:\/\/piwnespa.com\/hu\/wp-json\/wp\/v2\/types\/page"}],"author":[{"embeddable":true,"href":"https:\/\/piwnespa.com\/hu\/wp-json\/wp\/v2\/users\/1"}],"replies":[{"embeddable":true,"href":"https:\/\/piwnespa.com\/hu\/wp-json\/wp\/v2\/comments?post=8622"}],"version-history":[{"count":1,"href":"https:\/\/piwnespa.com\/hu\/wp-json\/wp\/v2\/pages\/8622\/revisions"}],"predecessor-version":[{"id":9363,"href":"https:\/\/piwnespa.com\/hu\/wp-json\/wp\/v2\/pages\/8622\/revisions\/9363"}],"up":[{"embeddable":true,"href":"https:\/\/piwnespa.com\/hu\/wp-json\/wp\/v2\/pages\/9358"}],"wp:attachment":[{"href":"https:\/\/piwnespa.com\/hu\/wp-json\/wp\/v2\/media?parent=8622"}],"curies":[{"name":"wp","href":"https:\/\/api.w.org\/{rel}","templated":true}]}}