{"id":9134,"date":"2025-07-18T05:10:43","date_gmt":"2025-07-18T03:10:43","guid":{"rendered":"https:\/\/piwnespa.com\/kosar\/"},"modified":"2025-09-01T19:35:52","modified_gmt":"2025-09-01T17:35:52","slug":"kosar","status":"publish","type":"page","link":"https:\/\/piwnespa.com\/hu\/kosar\/","title":{"rendered":"Kos\u00e1r"},"content":{"rendered":"\n<div data-block-name=\"woocommerce\/cart\" class=\"wp-block-woocommerce-cart alignwide is-loading\">\n<div data-block-name=\"woocommerce\/filled-cart-block\" class=\"wp-block-woocommerce-filled-cart-block\">\n<div data-block-name=\"woocommerce\/cart-items-block\" class=\"wp-block-woocommerce-cart-items-block\">\n<div data-block-name=\"woocommerce\/cart-line-items-block\" class=\"wp-block-woocommerce-cart-line-items-block\"><\/div>\n\n\n\n<div data-block-name=\"woocommerce\/cart-cross-sells-block\" class=\"wp-block-woocommerce-cart-cross-sells-block\">\n<h2 class=\"wp-block-heading has-large-font-size\">L\u00e1sd m\u00e1s hasonl\u00f3an \u00e9rdekes&#8230;<\/h2>\n\n\n\n<div data-block-name=\"woocommerce\/cart-cross-sells-products-block\" class=\"wp-block-woocommerce-cart-cross-sells-products-block\"><\/div>\n<\/div>\n<\/div>\n\n\n\n<div data-block-name=\"woocommerce\/cart-totals-block\" class=\"wp-block-woocommerce-cart-totals-block\">\n<div data-block-name=\"woocommerce\/cart-order-summary-block\" class=\"wp-block-woocommerce-cart-order-summary-block\">\n<div data-block-name=\"woocommerce\/cart-order-summary-heading-block\" class=\"wp-block-woocommerce-cart-order-summary-heading-block\"><\/div><div data-block-name=\"woocommerce\/cart-order-summary-coupon-form-block\" class=\"wp-block-woocommerce-cart-order-summary-coupon-form-block\"><\/div><div data-block-name=\"woocommerce\/cart-order-summary-totals-block\" class=\"wp-block-woocommerce-cart-order-summary-totals-block\">\n<div data-block-name=\"woocommerce\/cart-order-summary-subtotal-block\" class=\"wp-block-woocommerce-cart-order-summary-subtotal-block\"><\/div>\n<div data-block-name=\"woocommerce\/cart-order-summary-discount-block\" class=\"wp-block-woocommerce-cart-order-summary-discount-block\"><\/div>\n<div data-block-name=\"woocommerce\/cart-order-summary-fee-block\" class=\"wp-block-woocommerce-cart-order-summary-fee-block\"><\/div>\n<div data-block-name=\"woocommerce\/cart-order-summary-shipping-block\" class=\"wp-block-woocommerce-cart-order-summary-shipping-block\"><\/div>\n<div data-block-name=\"woocommerce\/cart-order-summary-taxes-block\" class=\"wp-block-woocommerce-cart-order-summary-taxes-block\"><\/div><\/div>\n<\/div>\n\n\n\n<div data-block-name=\"woocommerce\/cart-express-payment-block\" class=\"wp-block-woocommerce-cart-express-payment-block\"><\/div>\n\n\n\n<div data-block-name=\"woocommerce\/proceed-to-checkout-block\" class=\"wp-block-woocommerce-proceed-to-checkout-block\"><\/div>\n\n\n\n<div data-block-name=\"woocommerce\/cart-accepted-payment-methods-block\" class=\"wp-block-woocommerce-cart-accepted-payment-methods-block\"><\/div>\n<\/div>\n<\/div>\n\n\n\n<div data-block-name=\"woocommerce\/empty-cart-block\" class=\"wp-block-woocommerce-empty-cart-block\">\n<h2 class=\"wp-block-heading has-text-align-center with-empty-cart-icon wc-block-cart__empty-cart__title\">Az \u00d6n kosara jelenleg \u00fcres!<\/h2>\n\n\n\n<hr class=\"wp-block-separator has-alpha-channel-opacity is-style-dots\"\/>\n\n\n\n<h2 class=\"wp-block-heading has-text-align-center\">\u00daj az \u00fczletben<\/h2>\n\n\n<div data-block-name=\"woocommerce\/product-new\" data-columns=\"4\" data-rows=\"1\" class=\"wc-block-grid wp-block-product-new wp-block-woocommerce-product-new wc-block-product-new has-4-columns\"><ul class=\"wc-block-grid__products\"><li class=\"wc-block-grid__product\">\n\t\t\t\t<a href=\"https:\/\/piwnespa.com\/hu\/produkt\/bohemia-sor-kozmetikumok\/\" class=\"wc-block-grid__product-link\">\n\t\t\t\t\t\n\t\t\t\t\t<div class=\"wc-block-grid__product-image\"><img loading=\"lazy\" decoding=\"async\" width=\"300\" height=\"300\" src=\"https:\/\/piwnespa.com\/wp-content\/uploads\/2025\/07\/spa-zakopane-piwne-kosmetyki-5-300x300.jpeg\" class=\"attachment-woocommerce_thumbnail size-woocommerce_thumbnail\" alt=\"Boh\u00e9mia s\u00f6r kozmetikumok\" srcset=\"https:\/\/piwnespa.com\/wp-content\/uploads\/2025\/07\/spa-zakopane-piwne-kosmetyki-5-300x300.jpeg 300w, https:\/\/piwnespa.com\/wp-content\/uploads\/2025\/07\/spa-zakopane-piwne-kosmetyki-5-1024x1024.jpeg 1024w, https:\/\/piwnespa.com\/wp-content\/uploads\/2025\/07\/spa-zakopane-piwne-kosmetyki-5-150x150.jpeg 150w, https:\/\/piwnespa.com\/wp-content\/uploads\/2025\/07\/spa-zakopane-piwne-kosmetyki-5-768x768.jpeg 768w, https:\/\/piwnespa.com\/wp-content\/uploads\/2025\/07\/spa-zakopane-piwne-kosmetyki-5-1200x1200.jpeg 1200w, https:\/\/piwnespa.com\/wp-content\/uploads\/2025\/07\/spa-zakopane-piwne-kosmetyki-5-600x600.jpeg 600w, https:\/\/piwnespa.com\/wp-content\/uploads\/2025\/07\/spa-zakopane-piwne-kosmetyki-5-100x100.jpeg 100w, https:\/\/piwnespa.com\/wp-content\/uploads\/2025\/07\/spa-zakopane-piwne-kosmetyki-5.jpeg 1280w\" sizes=\"auto, (max-width: 300px) 100vw, 300px\" \/><\/div>\n\t\t\t\t\t<div class=\"wc-block-grid__product-title\">Boh\u00e9mia s\u00f6r kozmetikumok<\/div>\n\t\t\t\t<\/a>\n\t\t\t\t<div class=\"wc-block-grid__product-price price\"><span class=\"woocommerce-Price-amount amount\">75,00&nbsp;<span class=\"woocommerce-Price-currencySymbol\">&#122;&#322;<\/span><\/span><\/div>\n\t\t\t\t\n\t\t\t\t<div class=\"wp-block-button wc-block-grid__product-add-to-cart\"><a href=\"https:\/\/piwnespa.com\/hu\/produkt\/bohemia-sor-kozmetikumok\/\" aria-label=\"&ldquo;Boh\u00e9mia s\u00f6r kozmetikumok&rdquo; term\u00e9kr\u0151l t\u00f6bb inform\u00e1ci\u00f3\" data-quantity=\"1\" data-product_id=\"9731\" data-product_sku=\"\" data-price=\"75\" rel=\"nofollow\" class=\"wp-block-button__link  add_to_cart_button\">Tov\u00e1bb olvasom<\/a><\/div>\n\t\t\t<\/li><li class=\"wc-block-grid__product\">\n\t\t\t\t<a href=\"https:\/\/piwnespa.com\/hu\/produkt\/saela-beer-kozmetikumok\/\" class=\"wc-block-grid__product-link\">\n\t\t\t\t\t\n\t\t\t\t\t<div class=\"wc-block-grid__product-image\"><img loading=\"lazy\" decoding=\"async\" width=\"300\" height=\"300\" src=\"https:\/\/piwnespa.com\/wp-content\/uploads\/2025\/07\/spa-zakopane-piwne-kosmetyki-2.jpg-300x300.jpeg\" class=\"attachment-woocommerce_thumbnail size-woocommerce_thumbnail\" alt=\"Saela Beer kozmetikumok\" srcset=\"https:\/\/piwnespa.com\/wp-content\/uploads\/2025\/07\/spa-zakopane-piwne-kosmetyki-2.jpg-300x300.jpeg 300w, https:\/\/piwnespa.com\/wp-content\/uploads\/2025\/07\/spa-zakopane-piwne-kosmetyki-2.jpg-1024x1024.jpeg 1024w, https:\/\/piwnespa.com\/wp-content\/uploads\/2025\/07\/spa-zakopane-piwne-kosmetyki-2.jpg-150x150.jpeg 150w, https:\/\/piwnespa.com\/wp-content\/uploads\/2025\/07\/spa-zakopane-piwne-kosmetyki-2.jpg-768x768.jpeg 768w, https:\/\/piwnespa.com\/wp-content\/uploads\/2025\/07\/spa-zakopane-piwne-kosmetyki-2.jpg-1200x1200.jpeg 1200w, https:\/\/piwnespa.com\/wp-content\/uploads\/2025\/07\/spa-zakopane-piwne-kosmetyki-2.jpg-600x600.jpeg 600w, https:\/\/piwnespa.com\/wp-content\/uploads\/2025\/07\/spa-zakopane-piwne-kosmetyki-2.jpg-100x100.jpeg 100w, https:\/\/piwnespa.com\/wp-content\/uploads\/2025\/07\/spa-zakopane-piwne-kosmetyki-2.jpg.jpeg 1280w\" sizes=\"auto, (max-width: 300px) 100vw, 300px\" \/><\/div>\n\t\t\t\t\t<div class=\"wc-block-grid__product-title\">Saela Beer kozmetikumok<\/div>\n\t\t\t\t<\/a>\n\t\t\t\t<div class=\"wc-block-grid__product-price price\"><span class=\"woocommerce-Price-amount amount\">115,00&nbsp;<span class=\"woocommerce-Price-currencySymbol\">&#122;&#322;<\/span><\/span><\/div>\n\t\t\t\t\n\t\t\t\t<div class=\"wp-block-button wc-block-grid__product-add-to-cart\"><a href=\"https:\/\/piwnespa.com\/hu\/produkt\/saela-beer-kozmetikumok\/\" aria-label=\"&ldquo;Saela Beer kozmetikumok&rdquo; term\u00e9kr\u0151l t\u00f6bb inform\u00e1ci\u00f3\" data-quantity=\"1\" data-product_id=\"9597\" data-product_sku=\"\" data-price=\"115\" rel=\"nofollow\" class=\"wp-block-button__link  add_to_cart_button\">Tov\u00e1bb olvasom<\/a><\/div>\n\t\t\t<\/li><li class=\"wc-block-grid__product\">\n\t\t\t\t<a href=\"https:\/\/piwnespa.com\/hu\/produkt\/voucher-spa-zakopane\/\" class=\"wc-block-grid__product-link\">\n\t\t\t\t\t\n\t\t\t\t\t<div class=\"wc-block-grid__product-image\"><img loading=\"lazy\" decoding=\"async\" width=\"300\" height=\"300\" src=\"https:\/\/piwnespa.com\/wp-content\/uploads\/2025\/07\/voucher-300x300.jpg\" class=\"attachment-woocommerce_thumbnail size-woocommerce_thumbnail\" alt=\"Voucher Spa Zakopane\" srcset=\"https:\/\/piwnespa.com\/wp-content\/uploads\/2025\/07\/voucher-300x300.jpg 300w, https:\/\/piwnespa.com\/wp-content\/uploads\/2025\/07\/voucher-150x150.jpg 150w, https:\/\/piwnespa.com\/wp-content\/uploads\/2025\/07\/voucher-600x600.jpg 600w, https:\/\/piwnespa.com\/wp-content\/uploads\/2025\/07\/voucher-100x100.jpg 100w\" sizes=\"auto, (max-width: 300px) 100vw, 300px\" \/><\/div>\n\t\t\t\t\t<div class=\"wc-block-grid__product-title\">Voucher Spa Zakopane<\/div>\n\t\t\t\t<\/a>\n\t\t\t\t<div class=\"wc-block-grid__product-price price\"><span class=\"woocommerce-Price-amount amount\" aria-hidden=\"true\">150,00&nbsp;<span class=\"woocommerce-Price-currencySymbol\">&#122;&#322;<\/span><\/span> <span aria-hidden=\"true\">&ndash;<\/span> <span class=\"woocommerce-Price-amount amount\" aria-hidden=\"true\">990,00&nbsp;<span class=\"woocommerce-Price-currencySymbol\">&#122;&#322;<\/span><\/span><span class=\"screen-reader-text\">\u00c1rtartom\u00e1ny: 150,00&nbsp;&#122;&#322; &#8211; 990,00&nbsp;&#122;&#322;<\/span><\/div>\n\t\t\t\t<div class=\"wc-block-grid__product-rating\"><div class=\"star-rating\" role=\"img\" aria-label=\"\u00c9rt\u00e9kel\u00e9s: 4.87 \/ 5\"><span style=\"width:97.4%\">\u00c9rt\u00e9kel\u00e9s <strong class=\"rating\">4.87<\/strong> az 5-b\u0151l, <span class=\"rating\">15<\/span> \u00e9rt\u00e9kel\u00e9s alapj\u00e1n<\/span><\/div><\/div>\n\t\t\t\t<div class=\"wp-block-button wc-block-grid__product-add-to-cart\"><a href=\"https:\/\/piwnespa.com\/hu\/produkt\/voucher-spa-zakopane\/\" aria-label=\"V\u00e1lasszunk &ldquo;Voucher Spa Zakopane&rdquo; lehet\u0151s\u00e9gek k\u00f6z\u00fcl\" data-quantity=\"1\" data-product_id=\"9564\" data-product_sku=\"sku-voucher-upominkowy\" data-price=\"330\" rel=\"nofollow\" class=\"wp-block-button__link  add_to_cart_button\">Opci\u00f3k v\u00e1laszt\u00e1sa<\/a><\/div>\n\t\t\t<\/li><\/ul><\/div><\/div>\n<\/div>\n","protected":false},"excerpt":{"rendered":"","protected":false},"author":1,"featured_media":9127,"parent":0,"menu_order":0,"comment_status":"closed","ping_status":"closed","template":"","meta":{"_acf_changed":false,"footnotes":""},"class_list":["post-9134","page","type-page","status-publish","has-post-thumbnail","hentry"],"acf":[],"_links":{"self":[{"href":"https:\/\/piwnespa.com\/hu\/wp-json\/wp\/v2\/pages\/9134","targetHints":{"allow":["GET"]}}],"collection":[{"href":"https:\/\/piwnespa.com\/hu\/wp-json\/wp\/v2\/pages"}],"about":[{"href":"https:\/\/piwnespa.com\/hu\/wp-json\/wp\/v2\/types\/page"}],"author":[{"embeddable":true,"href":"https:\/\/piwnespa.com\/hu\/wp-json\/wp\/v2\/users\/1"}],"replies":[{"embeddable":true,"href":"https:\/\/piwnespa.com\/hu\/wp-json\/wp\/v2\/comments?post=9134"}],"version-history":[{"count":1,"href":"https:\/\/piwnespa.com\/hu\/wp-json\/wp\/v2\/pages\/9134\/revisions"}],"predecessor-version":[{"id":9137,"href":"https:\/\/piwnespa.com\/hu\/wp-json\/wp\/v2\/pages\/9134\/revisions\/9137"}],"wp:featuredmedia":[{"embeddable":true,"href":"https:\/\/piwnespa.com\/hu\/wp-json\/wp\/v2\/media\/9127"}],"wp:attachment":[{"href":"https:\/\/piwnespa.com\/hu\/wp-json\/wp\/v2\/media?parent=9134"}],"curies":[{"name":"wp","href":"https:\/\/api.w.org\/{rel}","templated":true}]}}