{"id":9564,"date":"2025-07-18T05:15:22","date_gmt":"2025-07-18T05:15:22","guid":{"rendered":"https:\/\/piwnespa.com\/produkt\/voucher-spa-zakopane\/"},"modified":"2025-09-02T17:49:14","modified_gmt":"2025-09-02T15:49:14","slug":"voucher-spa-zakopane","status":"publish","type":"product","link":"https:\/\/piwnespa.com\/hu\/produkt\/voucher-spa-zakopane\/","title":{"rendered":"Voucher Spa Zakopane"},"content":{"rendered":"<h3 style=\"text-align: center;\">Egy utalv\u00e1ny b\u00e1rmely kezel\u00e9sre k\u00e9t vagy egy szem\u00e9ly sz\u00e1m\u00e1ra:<\/h3>\n<p>&nbsp;<\/p>\n<p><strong>S\u00f6rf\u00fcrd\u0151 k\u00f3stol\u00e1ssal<\/strong><\/p>\n<p>&#8211; t\u00f6k\u00e9letes v\u00e1laszt\u00e1s a s\u00f6r szerelmeseinek. A f\u00fcrd\u0151 term\u00e9szetes s\u00f6r \u00e9s s\u00f6rf\u00fcrd\u0151olaj v\u00edzben val\u00f3 felold\u00e1s\u00e1val k\u00e9sz\u00fcl. A kezel\u00e9st a Browar Zamkowy Cieszyn s\u00f6rk\u00f3stol\u00f3 k\u00eds\u00e9ri.<\/p>\n<p>&nbsp;<\/p>\n<p><strong>Borf\u00fcrd\u0151 k\u00f3stol\u00f3val<\/strong><\/p>\n<p>&#8211; Borkivonattal k\u00e9sz\u00fclt f\u00fcrd\u0151hab form\u00e1j\u00e1ban. T\u00e1mogatja a zs\u00edrsz\u00f6vet \u00e9s a cellulit cs\u00f6kkent\u00e9s\u00e9t. A f\u00fcrd\u0151h\u00f6z bork\u00f3stol\u00e1s is j\u00e1r.<\/p>\n<p>&nbsp;<\/p>\n<p><strong>VIP s\u00f6r- vagy borf\u00fcrd\u0151 szaun\u00e1val \u00e9s korl\u00e1tlan k\u00f3stol\u00e1ssal<\/strong><\/p>\n<p>&#8211; Melegedjen fel a szaun\u00e1ban, v\u00e1lassza ki a f\u00fcrd\u0151 t\u00edpus\u00e1t, \u00e9s \u00e9lvezze a korl\u00e1tlan k\u00f3stol\u00e1st. A VIP f\u00fcrd\u0151 remek aj\u00e1nd\u00e9k\u00f6tlet egy utalv\u00e1ny form\u00e1j\u00e1ban.<\/p>\n<p>&nbsp;<\/p>\n<p><strong>Romantikus tejf\u00fcrd\u0151<\/strong><\/p>\n<p>&#8211; Szaunasze\u00e1nsz, romantikus kecsketejes f\u00fcrd\u0151z\u00e9s r\u00f3zsaszirmokkal d\u00edsz\u00edtve, prosecco k\u00f3stol\u00f3val k\u00eds\u00e9rve. \u00c9s mindez meghitt hangulatban, gyertyaf\u00e9nyben. Egy utalv\u00e1ny a Zakopane-i f\u00fcrd\u0151be egy romantikus f\u00fcrd\u0151z\u00e9sre t\u00f6k\u00e9letes aj\u00e1nd\u00e9k friss h\u00e1zasoknak.<\/p>\n<p>&nbsp;<\/p>\n<p><strong>Bath Gold <\/strong><\/p>\n<p>&#8211; Az aranyp\u00f6tty\u00f6kkel csillog\u00f3, lebeg\u0151 r\u00f3zsaszirmokkal d\u00edsz\u00edtett tejes f\u00fcrd\u0151 igazi \u00fcnnep az \u00e9rz\u00e9kek sz\u00e1m\u00e1ra. Nyugtat\u00f3 illatok, nyugodt zene \u00e9s gyertyaf\u00e9ny &#8211; t\u00f6k\u00e9letes k\u00f6rnyezet egy k\u00e9tszem\u00e9lyes est\u00e9hez. Egy poh\u00e1r prosecco tov\u00e1bb fokozza az \u00e9lm\u00e9ny egyedis\u00e9g\u00e9t.<\/p>\n<p>&nbsp;<\/p>\n<p><strong>S\u00f6r Day Spa csomag<\/strong><\/p>\n<p>&#8211; S\u00f6rf\u00fcrd\u0151 + a Cieszyn kast\u00e9lys\u00f6rf\u0151zde k\u00fcl\u00f6nb\u00f6z\u0151 k\u00e9zm\u0171ves s\u00f6reinek k\u00f3stol\u00e1sa + r\u00e9szleges relax\u00e1ci\u00f3s massz\u00e1zs. A Zakopane-i f\u00fcrd\u0151be sz\u00f3l\u00f3 utalv\u00e1ny a Beer Day Spa kezel\u00e9sre t\u00f6k\u00e9letes aj\u00e1nd\u00e9k lesz a s\u00f6r szerelmeseinek.<\/p>\n<p>&nbsp;<\/p>\n<p><strong>K\u00fcl\u00f6nleges Day Spa csomag<\/strong><\/p>\n<p>&#8211; VIP f\u00fcrd\u0151 + holisztikus relax\u00e1ci\u00f3s massz\u00e1zs. Ez a kezel\u00e9s azoknak k\u00e9sz\u00fclt, akik a legmagasabb szint\u0171 relax\u00e1ci\u00f3ra v\u00e1gynak. Utalv\u00e1nyt keres a Zakopane-i f\u00fcrd\u0151be? Aj\u00e1nd\u00e9kozzon felejthetetlen \u00e9lm\u00e9nyt \u00e9s boldog\u00edt\u00f3 kikapcsol\u00f3d\u00e1st szeretteinek egy k\u00fcl\u00f6nleges Day Spa kezel\u00e9ssel.<\/p>\n<p>&nbsp;<\/p>\n<p><strong>Love Day Spa csomag<\/strong><\/p>\n<p>&#8211; romantikus f\u00fcrd\u0151 + r\u00e9szleges relax\u00e1ci\u00f3s massz\u00e1zs. Erre a kezel\u00e9sre sz\u00f3l\u00f3 utalv\u00e1nyt nagyon gyakran kapnak friss h\u00e1zasok. Semmi sem hozza \u00f6ssze a kapcsolatot jobban, mint a k\u00f6z\u00f6s pihen\u00e9s a T\u00e1tra f\u0151v\u00e1ros\u00e1ban.<\/p>\n<p>&nbsp;<\/p>\n<p><strong>Gold Day Spa csomag<\/strong><\/p>\n<p>&#8211; aranyf\u00fcrd\u0151 + teljes testmassz\u00e1zs sheavaj \u00e9s kolloid arany alapon. A massz\u00e1zs lehet\u0151v\u00e9 teszi, hogy ellaz\u00edtsa fesz\u00fclt izmait, egy\u00fctt \u00e9lvezve egy pillanatot csak mag\u00e1nak. Az eg\u00e9sz ritu\u00e1l\u00e9 egy priv\u00e1t f\u00fcrd\u0151 mag\u00e1ny\u00e1ban zajlik.<\/p>\n<p>&nbsp;<\/p>\n<p><strong>Relax\u00e1ci\u00f3, s\u00f6r, klasszikus vagy gyerty\u00e1s massz\u00e1zs<\/strong><\/p>\n<p>&#8211; A massz\u00e1zs szerelmesei biztosan \u00f6r\u00fclni fognak a zakopanei Beer Spa-ba sz\u00f3l\u00f3 utalv\u00e1nynak, amely lehet\u0151v\u00e9 teszi a boldog relax\u00e1ci\u00f3t egy k\u00e9pzett gy\u00f3gytorn\u00e1sz \u00e1ltal v\u00e9gzett massz\u00e1zs sor\u00e1n.<\/p>\n","protected":false},"excerpt":{"rendered":"<p>Egy utalv\u00e1ny b\u00e1rmely kezel\u00e9sre k\u00e9t vagy egy szem\u00e9ly sz\u00e1m\u00e1ra: &nbsp; S\u00f6rf\u00fcrd\u0151 k\u00f3stol\u00e1ssal &#8211; t\u00f6k\u00e9letes v\u00e1laszt\u00e1s a s\u00f6r szerelmeseinek. A f\u00fcrd\u0151 term\u00e9szetes s\u00f6r \u00e9s s\u00f6rf\u00fcrd\u0151olaj v\u00edzben val\u00f3 felold\u00e1s\u00e1val k\u00e9sz\u00fcl. A kezel\u00e9st a Browar Zamkowy Cieszyn s\u00f6rk\u00f3stol\u00f3 k\u00eds\u00e9ri. &nbsp; Borf\u00fcrd\u0151 k\u00f3stol\u00f3val &#8211; Borkivonattal k\u00e9sz\u00fclt f\u00fcrd\u0151hab form\u00e1j\u00e1ban. T\u00e1mogatja a zs\u00edrsz\u00f6vet \u00e9s a cellulit cs\u00f6kkent\u00e9s\u00e9t. A f\u00fcrd\u0151h\u00f6z bork\u00f3stol\u00e1s is [&hellip;]<\/p>\n","protected":false},"featured_media":9565,"comment_status":"open","ping_status":"closed","template":"","meta":{"_acf_changed":false},"product_brand":[],"product_cat":[337],"product_tag":[479],"class_list":{"0":"post-9564","1":"product","2":"type-product","3":"status-publish","4":"has-post-thumbnail","6":"product_cat-ajandekutalvany","7":"product_tag-voucher-hu","8":"product_shipping_class-elektronikus-kezbesites","9":"pa_zabiegi-bath-gold-1-szemely","10":"pa_zabiegi-beer-day-spa-1-szemely","11":"pa_zabiegi-beer-day-spa-2-fo","12":"pa_zabiegi-borfurdo-1-szemely","13":"pa_zabiegi-borfurdo-2-fo","14":"pa_zabiegi-egesz-testes-relaxacios-masszazs-1-szemely","15":"pa_zabiegi-egesz-testes-relaxacios-masszazs-2-fo","16":"pa_zabiegi-furdo-gold-2-fo","17":"pa_zabiegi-gold-day-spa-1-szemely","18":"pa_zabiegi-gold-day-spa-2-fo","19":"pa_zabiegi-gyertyamasszazs-1-szemely","20":"pa_zabiegi-gyertyas-masszazs-2-fo","21":"pa_zabiegi-klasszikus-masszazs-1-szemely","22":"pa_zabiegi-klasszikus-masszazs-2-fo","23":"pa_zabiegi-love-day-spa-1-szemely","24":"pa_zabiegi-love-day-spa-2-fo","25":"pa_zabiegi-reszleges-relaxacios-masszazs-1-szemely","26":"pa_zabiegi-reszleges-relaxacios-masszazs-2-fo","27":"pa_zabiegi-romantikus-furdo-1-szemely","28":"pa_zabiegi-romantikus-furdo-2-fo","29":"pa_zabiegi-sorfurdo-1-szemely","30":"pa_zabiegi-sorfurdo-2-fo","31":"pa_zabiegi-sormasszazs-1-szemely","32":"pa_zabiegi-sormasszazs-2-fo","33":"pa_zabiegi-soros-arckezeles-1-szemely","34":"pa_zabiegi-soros-arckezeles-2-fo","35":"pa_zabiegi-special-day-spa-1-szemely","36":"pa_zabiegi-special-day-spa-2-fo","37":"pa_zabiegi-vip-furdo-1-szemely","38":"pa_zabiegi-vip-furdo-2-fo","40":"first","41":"instock","42":"taxable","43":"shipping-taxable","44":"purchasable","45":"product-type-variable"},"acf":[],"_links":{"self":[{"href":"https:\/\/piwnespa.com\/hu\/wp-json\/wp\/v2\/product\/9564","targetHints":{"allow":["GET"]}}],"collection":[{"href":"https:\/\/piwnespa.com\/hu\/wp-json\/wp\/v2\/product"}],"about":[{"href":"https:\/\/piwnespa.com\/hu\/wp-json\/wp\/v2\/types\/product"}],"replies":[{"embeddable":true,"href":"https:\/\/piwnespa.com\/hu\/wp-json\/wp\/v2\/comments?post=9564"}],"wp:featuredmedia":[{"embeddable":true,"href":"https:\/\/piwnespa.com\/hu\/wp-json\/wp\/v2\/media\/9565"}],"wp:attachment":[{"href":"https:\/\/piwnespa.com\/hu\/wp-json\/wp\/v2\/media?parent=9564"}],"wp:term":[{"taxonomy":"product_brand","embeddable":true,"href":"https:\/\/piwnespa.com\/hu\/wp-json\/wp\/v2\/product_brand?post=9564"},{"taxonomy":"product_cat","embeddable":true,"href":"https:\/\/piwnespa.com\/hu\/wp-json\/wp\/v2\/product_cat?post=9564"},{"taxonomy":"product_tag","embeddable":true,"href":"https:\/\/piwnespa.com\/hu\/wp-json\/wp\/v2\/product_tag?post=9564"}],"curies":[{"name":"wp","href":"https:\/\/api.w.org\/{rel}","templated":true}]}}