{"id":9597,"date":"2025-07-28T12:48:03","date_gmt":"2025-07-28T12:48:03","guid":{"rendered":"https:\/\/piwnespa.com\/produkt\/saela-beer-kozmetikumok\/"},"modified":"2025-07-28T12:48:03","modified_gmt":"2025-07-28T10:48:03","slug":"saela-beer-kozmetikumok","status":"publish","type":"product","link":"https:\/\/piwnespa.com\/hu\/produkt\/saela-beer-kozmetikumok\/","title":{"rendered":"Saela Beer kozmetikumok"},"content":{"rendered":"<div class=\"elementor-element elementor-element-168cc799 elementor-widget elementor-widget-woocommerce-product-short-description\" data-id=\"168cc799\" data-element_type=\"widget\" data-widget_type=\"woocommerce-product-short-description.default\">\n<div class=\"elementor-widget-container\">\n<div class=\"woocommerce-product-details__short-description\">\n<p>A SAELA s\u00f6rkozmetikai k\u00e9szlet.<\/p>\n<p>Ezek olyan egyedi k\u00e9sz\u00edtm\u00e9nyek, amelyek \u00f6sszet\u00e9tel\u00e9ben a h\u00edres cseh s\u00f6r, koml\u00f3kivonat \u00e9s s\u00f6r\u00e9leszt\u0151 tal\u00e1lhat\u00f3. Minden kozmetikum hipoallerg\u00e9n, enyhe \u00e9s kellemes, gy\u00fcm\u00f6lcs\u00f6s illat\u00fa. A term\u00e9kek f\u00e9rfiak \u00e9s n\u0151k, valamint gyermekek sz\u00e1m\u00e1ra egyar\u00e1nt alkalmasak 3 \u00e9ves kort\u00f3l. Rendszeres haszn\u00e1lat eset\u00e9n hidrat\u00e1lt, rugalmas, puha \u00e9s selymes b\u0151rt biztos\u00edtanak.   <\/p>\n<p>Benne van:<\/p>\n<p>&#8211; 1 x Zuhanyzsel\u00e9 300 ml<br \/>\n&#8211; 1 x Peeling 300 ml<br \/>\n&#8211; 1 x Arc, nyak \u00e9s dekolt\u00e1zs maszk<\/p>\n<p><strong>A k\u00e9szlet t\u00f6k\u00e9letes aj\u00e1nd\u00e9k!  <\/strong><\/p>\n<p>Sz\u00e1ll\u00edt\u00e1s eleg\u00e1ns kraft csomagol\u00e1sban.<\/p>\n<\/div>\n<\/div>\n<\/div>\n","protected":false},"excerpt":{"rendered":"<p>A SAELA s\u00f6rkozmetikai k\u00e9szlet. Ezek olyan egyedi k\u00e9sz\u00edtm\u00e9nyek, amelyek \u00f6sszet\u00e9tel\u00e9ben a h\u00edres cseh s\u00f6r, koml\u00f3kivonat \u00e9s s\u00f6r\u00e9leszt\u0151 tal\u00e1lhat\u00f3. Minden kozmetikum hipoallerg\u00e9n, enyhe \u00e9s kellemes, gy\u00fcm\u00f6lcs\u00f6s illat\u00fa. A term\u00e9kek f\u00e9rfiak \u00e9s n\u0151k, valamint gyermekek sz\u00e1m\u00e1ra egyar\u00e1nt alkalmasak 3 \u00e9ves kort\u00f3l. Rendszeres haszn\u00e1lat eset\u00e9n hidrat\u00e1lt, rugalmas, puha \u00e9s selymes b\u0151rt biztos\u00edtanak. Benne van: &#8211; 1 x Zuhanyzsel\u00e9 [&hellip;]<\/p>\n","protected":false},"featured_media":3122,"comment_status":"open","ping_status":"closed","template":"","meta":{"_acf_changed":false},"product_brand":[],"product_cat":[340],"product_tag":[],"class_list":{"0":"post-9597","1":"product","2":"type-product","3":"status-publish","4":"has-post-thumbnail","6":"product_cat-sor-kozmetikumok","8":"first","9":"outofstock","10":"taxable","11":"shipping-taxable","12":"purchasable","13":"product-type-simple"},"acf":[],"_links":{"self":[{"href":"https:\/\/piwnespa.com\/hu\/wp-json\/wp\/v2\/product\/9597","targetHints":{"allow":["GET"]}}],"collection":[{"href":"https:\/\/piwnespa.com\/hu\/wp-json\/wp\/v2\/product"}],"about":[{"href":"https:\/\/piwnespa.com\/hu\/wp-json\/wp\/v2\/types\/product"}],"replies":[{"embeddable":true,"href":"https:\/\/piwnespa.com\/hu\/wp-json\/wp\/v2\/comments?post=9597"}],"wp:featuredmedia":[{"embeddable":true,"href":"https:\/\/piwnespa.com\/hu\/wp-json\/wp\/v2\/media\/3122"}],"wp:attachment":[{"href":"https:\/\/piwnespa.com\/hu\/wp-json\/wp\/v2\/media?parent=9597"}],"wp:term":[{"taxonomy":"product_brand","embeddable":true,"href":"https:\/\/piwnespa.com\/hu\/wp-json\/wp\/v2\/product_brand?post=9597"},{"taxonomy":"product_cat","embeddable":true,"href":"https:\/\/piwnespa.com\/hu\/wp-json\/wp\/v2\/product_cat?post=9597"},{"taxonomy":"product_tag","embeddable":true,"href":"https:\/\/piwnespa.com\/hu\/wp-json\/wp\/v2\/product_tag?post=9597"}],"curies":[{"name":"wp","href":"https:\/\/api.w.org\/{rel}","templated":true}]}}