{"id":9508,"date":"2025-07-18T05:15:22","date_gmt":"2025-07-18T05:15:22","guid":{"rendered":"https:\/\/piwnespa.com\/produkt\/kupong-spa-zakopane\/"},"modified":"2025-09-02T17:55:03","modified_gmt":"2025-09-02T15:55:03","slug":"kupong-spa-zakopane","status":"publish","type":"product","link":"https:\/\/piwnespa.com\/no\/produkt\/kupong-spa-zakopane\/","title":{"rendered":"Kupong Spa Zakopane"},"content":{"rendered":"<h3 style=\"text-align: center;\">En kupong for en behandling for to eller \u00e9n person:<\/h3>\n<p>&nbsp;<\/p>\n<p><strong>\u00d8lbad med smakspr\u00f8ver<\/strong><\/p>\n<p>&#8211; er det perfekte valget for \u00f8lelskere. Badet tilberedes ved \u00e5 l\u00f8se opp naturlig \u00f8l og \u00f8lbadolje i vann. Behandlingen ledsages av en \u00f8lsmaking fra Browar Zamkowy Cieszyn.<\/p>\n<p>&nbsp;<\/p>\n<p><strong>Vinbad med smakspr\u00f8ver<\/strong><\/p>\n<p>&#8211; Fremstilt ved hjelp av vinutvinning i form av et badeskum. Det st\u00f8tter reduksjon av fettvev og cellulitter. Badet ledsages av vinsmaking.<\/p>\n<p>&nbsp;<\/p>\n<p><strong>VIP-\u00f8l- eller vinbad med badstue og ubegrenset smakspr\u00f8ver<\/strong><\/p>\n<p>&#8211; Varm deg opp i badstuen, velg badetype og nyt ubegrenset med smakspr\u00f8ver. VIP-badet er en flott gaveid\u00e9 i form av et gavekort.<\/p>\n<p>&nbsp;<\/p>\n<p><strong>Romantisk melkebad<\/strong><\/p>\n<p>&#8211; En badstue\u00f8kt, et romantisk bad i geitemelk dekorert med rosenblader, ledsaget av Prosecco-smaking. Og alt dette i en intim atmosf\u00e6re med levende lys. Et gavekort til Spa i Zakopane for et romantisk bad er en perfekt gave til nygifte.<\/p>\n<p>&nbsp;<\/p>\n<p><strong>Bath Gold <\/strong><\/p>\n<p>&#8211; Et melkeaktig bad som glitrer av gullflekker og er dekorert med svevende rosenblader, er en sann fest for sansene. Beroligende dufter, rolig musikk og levende lys &#8211; den perfekte rammen for en kveld for to. Et glass prosecco gj\u00f8r opplevelsen enda mer unik.<\/p>\n<p>&nbsp;<\/p>\n<p><strong>\u00d8l Dag Spa-pakke<\/strong><\/p>\n<p>&#8211; \u00d8lbad + smakspr\u00f8ver av ulike h\u00e5ndverks\u00f8l fra Slottsbryggeriet Cieszyn + delvis avslappende massasje. Et gavekort til spaet i Zakopane for en Beer Day Spa-behandling vil v\u00e6re en perfekt gave til \u00f8lelskere.<\/p>\n<p>&nbsp;<\/p>\n<p><strong>Spesiell dagspa-pakke<\/strong><\/p>\n<p>&#8211; VIP-bad + holistisk avslapningsmassasje. Det er en behandling designet for mennesker som \u00f8nsker avslapning p\u00e5 h\u00f8yeste niv\u00e5. Leter du etter en kupong til spaet i Zakopane? Gi en kj\u00e6r en uforglemmelig opplevelse og salig avslapping med en spesiell dagspabehandling.<\/p>\n<p>&nbsp;<\/p>\n<p><strong>Love Day Spa-pakke<\/strong><\/p>\n<p>&#8211; romantisk bad + delvis avslappende massasje. En kupong for denne behandlingen g\u00e5r ofte til nygifte. Ingenting bringer et forhold sammen som \u00e5 slappe av sammen i hovedstaden i Tatrafjellene.<\/p>\n<p>&nbsp;<\/p>\n<p><strong>Gold Day Spa-pakke<\/strong><\/p>\n<p>&#8211; gullbad + helkroppsmassasje p\u00e5 basis av sheasm\u00f8r og kolloidalt gull. Massasjen lar deg slappe av i anspente muskler, samtidig som du nyter et \u00f8yeblikk bare for deg selv. Hele ritualet foreg\u00e5r i et privat bad.<\/p>\n<p>&nbsp;<\/p>\n<p><strong>Avslapping, \u00f8l, klassisk eller lysmassasje<\/strong><\/p>\n<p>&#8211; Massasjeelskere vil garantert bli glade for en kupong til Beer Spa i Zakopane, som gj\u00f8r det mulig \u00e5 slappe av under en massasje utf\u00f8rt av en kvalifisert fysioterapeut.<\/p>\n","protected":false},"excerpt":{"rendered":"<p>En kupong for en behandling for to eller \u00e9n person: &nbsp; \u00d8lbad med smakspr\u00f8ver &#8211; er det perfekte valget for \u00f8lelskere. Badet tilberedes ved \u00e5 l\u00f8se opp naturlig \u00f8l og \u00f8lbadolje i vann. Behandlingen ledsages av en \u00f8lsmaking fra Browar Zamkowy Cieszyn. &nbsp; Vinbad med smakspr\u00f8ver &#8211; Fremstilt ved hjelp av vinutvinning i form av [&hellip;]<\/p>\n","protected":false},"featured_media":9509,"comment_status":"open","ping_status":"closed","template":"","meta":{"_acf_changed":false},"product_brand":[],"product_cat":[273],"product_tag":[484],"class_list":{"0":"post-9508","1":"product","2":"type-product","3":"status-publish","4":"has-post-thumbnail","6":"product_cat-gavekort","7":"product_tag-voucher-no","8":"product_shipping_class-elektronisk-levering","9":"pa_zabiegi-ansiktsbehandling-med-ol-1-person-no","10":"pa_zabiegi-ansiktsbehandling-med-ol-2-personer-no","11":"pa_zabiegi-avspenningsmassasje-for-hele-kroppen-1-person","12":"pa_zabiegi-avspenningsmassasje-for-hele-kroppen-2-personer","13":"pa_zabiegi-bad-gold-2-personer","14":"pa_zabiegi-bath-gold-1-person-no","15":"pa_zabiegi-beer-day-spa-1-person-no","16":"pa_zabiegi-beer-day-spa-2-personer-no","17":"pa_zabiegi-delvis-avslappende-massasje-1-person","18":"pa_zabiegi-delvis-avslappende-massasje-2-personer","19":"pa_zabiegi-gold-day-spa-1-person-no","20":"pa_zabiegi-gold-day-spa-2-personer-no","21":"pa_zabiegi-klassisk-massasje-1-person","22":"pa_zabiegi-klassisk-massasje-2-personer","23":"pa_zabiegi-love-day-spa-1-person-no","24":"pa_zabiegi-love-day-spa-2-personer-no","25":"pa_zabiegi-olbad-1-person-no","26":"pa_zabiegi-olbad-2-personer-no","27":"pa_zabiegi-olmassasje-1-person","28":"pa_zabiegi-olmassasje-2-personer","29":"pa_zabiegi-romantisk-bad-1-person","30":"pa_zabiegi-romantisk-bad-2-personer","31":"pa_zabiegi-special-day-spa-1-person-no","32":"pa_zabiegi-special-day-spa-2-personer-no","33":"pa_zabiegi-stearinlysmassasje-1-person","34":"pa_zabiegi-stearinlysmassasje-2-personer","35":"pa_zabiegi-vinbad-1-person-no","36":"pa_zabiegi-vinbad-2-personer-no","37":"pa_zabiegi-vip-bad-1-person-no","38":"pa_zabiegi-vip-bad-2-personer-no","40":"first","41":"instock","42":"taxable","43":"shipping-taxable","44":"purchasable","45":"product-type-variable"},"acf":[],"_links":{"self":[{"href":"https:\/\/piwnespa.com\/no\/wp-json\/wp\/v2\/product\/9508","targetHints":{"allow":["GET"]}}],"collection":[{"href":"https:\/\/piwnespa.com\/no\/wp-json\/wp\/v2\/product"}],"about":[{"href":"https:\/\/piwnespa.com\/no\/wp-json\/wp\/v2\/types\/product"}],"replies":[{"embeddable":true,"href":"https:\/\/piwnespa.com\/no\/wp-json\/wp\/v2\/comments?post=9508"}],"wp:featuredmedia":[{"embeddable":true,"href":"https:\/\/piwnespa.com\/no\/wp-json\/wp\/v2\/media\/9509"}],"wp:attachment":[{"href":"https:\/\/piwnespa.com\/no\/wp-json\/wp\/v2\/media?parent=9508"}],"wp:term":[{"taxonomy":"product_brand","embeddable":true,"href":"https:\/\/piwnespa.com\/no\/wp-json\/wp\/v2\/product_brand?post=9508"},{"taxonomy":"product_cat","embeddable":true,"href":"https:\/\/piwnespa.com\/no\/wp-json\/wp\/v2\/product_cat?post=9508"},{"taxonomy":"product_tag","embeddable":true,"href":"https:\/\/piwnespa.com\/no\/wp-json\/wp\/v2\/product_tag?post=9508"}],"curies":[{"name":"wp","href":"https:\/\/api.w.org\/{rel}","templated":true}]}}