{"id":9700,"date":"2025-07-28T12:48:03","date_gmt":"2025-07-28T12:48:03","guid":{"rendered":"https:\/\/piwnespa.com\/produkt\/saela-beer-cosmetics\/"},"modified":"2025-07-28T12:48:03","modified_gmt":"2025-07-28T10:48:03","slug":"saela-beer-cosmetics","status":"publish","type":"product","link":"https:\/\/piwnespa.com\/no\/produkt\/saela-beer-cosmetics\/","title":{"rendered":"Saela Beer Cosmetics"},"content":{"rendered":"<div class=\"elementor-element elementor-element-168cc799 elementor-widget elementor-widget-woocommerce-product-short-description\" data-id=\"168cc799\" data-element_type=\"widget\" data-widget_type=\"woocommerce-product-short-description.default\">\n<div class=\"elementor-widget-container\">\n<div class=\"woocommerce-product-details__short-description\">\n<p>Et sett med \u00f8lkosmetikk fra SAELA.<\/p>\n<p>Dette er unike preparater som har det ber\u00f8mte tsjekkiske \u00f8let, humleekstrakt og bryggergj\u00e6r i sammensetningen. Alle kosmetikkene er allergivennlige, milde og har en behagelig, fruktig duft. Produktene er egnet for b\u00e5de menn og kvinner, samt for barn fra 3 \u00e5r. Ved regelmessig bruk holder de huden fuktig, smidig, myk og silkeaktig.   <\/p>\n<p>Inkludert:<\/p>\n<p>&#8211; 1 x Shower Gel 300 ml<br \/>\n&#8211; 1 x Peeling 300 ml<br \/>\n&#8211; 1 x Face, Neck and Decollete Mask<\/p>\n<p><strong>Settet er perfekt som gave!  <\/strong><\/p>\n<p>Leveres i elegant kraftforpakning.<\/p>\n<\/div>\n<\/div>\n<\/div>\n","protected":false},"excerpt":{"rendered":"<p>Et sett med \u00f8lkosmetikk fra SAELA. Dette er unike preparater som har det ber\u00f8mte tsjekkiske \u00f8let, humleekstrakt og bryggergj\u00e6r i sammensetningen. Alle kosmetikkene er allergivennlige, milde og har en behagelig, fruktig duft. Produktene er egnet for b\u00e5de menn og kvinner, samt for barn fra 3 \u00e5r. Ved regelmessig bruk holder de huden fuktig, smidig, myk [&hellip;]<\/p>\n","protected":false},"featured_media":3122,"comment_status":"open","ping_status":"closed","template":"","meta":{"_acf_changed":false},"product_brand":[],"product_cat":[441],"product_tag":[],"class_list":{"0":"post-9700","1":"product","2":"type-product","3":"status-publish","4":"has-post-thumbnail","6":"product_cat-olkosmetikk","8":"first","9":"outofstock","10":"taxable","11":"shipping-taxable","12":"purchasable","13":"product-type-simple"},"acf":[],"_links":{"self":[{"href":"https:\/\/piwnespa.com\/no\/wp-json\/wp\/v2\/product\/9700","targetHints":{"allow":["GET"]}}],"collection":[{"href":"https:\/\/piwnespa.com\/no\/wp-json\/wp\/v2\/product"}],"about":[{"href":"https:\/\/piwnespa.com\/no\/wp-json\/wp\/v2\/types\/product"}],"replies":[{"embeddable":true,"href":"https:\/\/piwnespa.com\/no\/wp-json\/wp\/v2\/comments?post=9700"}],"wp:featuredmedia":[{"embeddable":true,"href":"https:\/\/piwnespa.com\/no\/wp-json\/wp\/v2\/media\/3122"}],"wp:attachment":[{"href":"https:\/\/piwnespa.com\/no\/wp-json\/wp\/v2\/media?parent=9700"}],"wp:term":[{"taxonomy":"product_brand","embeddable":true,"href":"https:\/\/piwnespa.com\/no\/wp-json\/wp\/v2\/product_brand?post=9700"},{"taxonomy":"product_cat","embeddable":true,"href":"https:\/\/piwnespa.com\/no\/wp-json\/wp\/v2\/product_cat?post=9700"},{"taxonomy":"product_tag","embeddable":true,"href":"https:\/\/piwnespa.com\/no\/wp-json\/wp\/v2\/product_tag?post=9700"}],"curies":[{"name":"wp","href":"https:\/\/api.w.org\/{rel}","templated":true}]}}