{"id":7679,"date":"2025-07-18T07:20:00","date_gmt":"2025-07-18T05:20:00","guid":{"rendered":"https:\/\/piwnespa.com\/rezervacia-navstevy-pivnych-kupelov-v-zakopanom\/"},"modified":"2025-07-18T07:20:00","modified_gmt":"2025-07-18T05:20:00","slug":"rezervacia-navstevy-pivnych-kupelov-v-zakopanom","status":"publish","type":"page","link":"https:\/\/piwnespa.com\/sk\/rezervacia-navstevy-pivnych-kupelov-v-zakopanom\/","title":{"rendered":"Rezerv\u00e1cia n\u00e1v\u0161tevy pivn\u00fdch k\u00fape\u013eov v Zakopanom"},"content":{"rendered":"","protected":false},"excerpt":{"rendered":"","protected":false},"author":2,"featured_media":7680,"parent":0,"menu_order":0,"comment_status":"closed","ping_status":"closed","template":"","meta":{"_acf_changed":false,"footnotes":""},"class_list":["post-7679","page","type-page","status-publish","has-post-thumbnail","hentry"],"acf":[],"_links":{"self":[{"href":"https:\/\/piwnespa.com\/sk\/wp-json\/wp\/v2\/pages\/7679","targetHints":{"allow":["GET"]}}],"collection":[{"href":"https:\/\/piwnespa.com\/sk\/wp-json\/wp\/v2\/pages"}],"about":[{"href":"https:\/\/piwnespa.com\/sk\/wp-json\/wp\/v2\/types\/page"}],"author":[{"embeddable":true,"href":"https:\/\/piwnespa.com\/sk\/wp-json\/wp\/v2\/users\/2"}],"replies":[{"embeddable":true,"href":"https:\/\/piwnespa.com\/sk\/wp-json\/wp\/v2\/comments?post=7679"}],"version-history":[{"count":0,"href":"https:\/\/piwnespa.com\/sk\/wp-json\/wp\/v2\/pages\/7679\/revisions"}],"wp:featuredmedia":[{"embeddable":true,"href":"https:\/\/piwnespa.com\/sk\/wp-json\/wp\/v2\/media\/7680"}],"wp:attachment":[{"href":"https:\/\/piwnespa.com\/sk\/wp-json\/wp\/v2\/media?parent=7679"}],"curies":[{"name":"wp","href":"https:\/\/api.w.org\/{rel}","templated":true}]}}