{"id":7599,"date":"2025-07-28T12:48:03","date_gmt":"2025-07-28T12:48:03","guid":{"rendered":"https:\/\/piwnespa.com\/produkt\/pivna-kozmetika-saela\/"},"modified":"2025-07-28T12:48:03","modified_gmt":"2025-07-28T10:48:03","slug":"pivna-kozmetika-saela","status":"publish","type":"product","link":"https:\/\/piwnespa.com\/sk\/produkt\/pivna-kozmetika-saela\/","title":{"rendered":"Pivn\u00e1 kozmetika Saela"},"content":{"rendered":"<div class=\"elementor-element elementor-element-168cc799 elementor-widget elementor-widget-woocommerce-product-short-description\" data-id=\"168cc799\" data-element_type=\"widget\" data-widget_type=\"woocommerce-product-short-description.default\">\n<div class=\"elementor-widget-container\">\n<div class=\"woocommerce-product-details__short-description\">\n<p>S\u00faprava pivnej kozmetiky od spolo\u010dnosti SAELA.<\/p>\n<p>Ide o jedine\u010dn\u00e9 pr\u00edpravky, ktor\u00e9 maj\u00fa vo svojom zlo\u017een\u00ed sl\u00e1vne \u010desk\u00e9 pivo, chme\u013eov\u00fd extrakt a pivovarsk\u00e9 kvasnice. V\u0161etky kozmetick\u00e9 pr\u00edpravky s\u00fa hypoalerg\u00e9nne, jemn\u00e9 a maj\u00fa pr\u00edjemn\u00fa ovocn\u00fa v\u00f4\u0148u. V\u00fdrobky s\u00fa vhodn\u00e9 pre mu\u017eov aj \u017eeny, ako aj pre deti od 3 rokov. Pri pravidelnom pou\u017e\u00edvan\u00ed udr\u017euj\u00fa poko\u017eku hydratovan\u00fa, pru\u017en\u00fa, jemn\u00fa a hebk\u00fa.   <\/p>\n<p>Zahrnut\u00e9:<\/p>\n<p>&#8211; 1 x sprchov\u00fd g\u00e9l 300 ml<br \/>\n&#8211; 1 x peeling 300 ml<br \/>\n&#8211; 1 x maska na tv\u00e1r, krk a dekolt<\/p>\n<p><strong>S\u00faprava je ide\u00e1lna ako dar\u010dek!  <\/strong><\/p>\n<p>Preprava v elegantnom kraftovom obale.<\/p>\n<\/div>\n<\/div>\n<\/div>\n","protected":false},"excerpt":{"rendered":"<p>S\u00faprava pivnej kozmetiky od spolo\u010dnosti SAELA. Ide o jedine\u010dn\u00e9 pr\u00edpravky, ktor\u00e9 maj\u00fa vo svojom zlo\u017een\u00ed sl\u00e1vne \u010desk\u00e9 pivo, chme\u013eov\u00fd extrakt a pivovarsk\u00e9 kvasnice. V\u0161etky kozmetick\u00e9 pr\u00edpravky s\u00fa hypoalerg\u00e9nne, jemn\u00e9 a maj\u00fa pr\u00edjemn\u00fa ovocn\u00fa v\u00f4\u0148u. V\u00fdrobky s\u00fa vhodn\u00e9 pre mu\u017eov aj \u017eeny, ako aj pre deti od 3 rokov. Pri pravidelnom pou\u017e\u00edvan\u00ed udr\u017euj\u00fa poko\u017eku hydratovan\u00fa, pru\u017en\u00fa, [&hellip;]<\/p>\n","protected":false},"featured_media":3122,"comment_status":"open","ping_status":"closed","template":"","meta":{"_acf_changed":false},"product_brand":[],"product_cat":[203],"product_tag":[],"class_list":{"0":"post-7599","1":"product","2":"type-product","3":"status-publish","4":"has-post-thumbnail","6":"product_cat-pivna-kozmetika","8":"first","9":"outofstock","10":"taxable","11":"shipping-taxable","12":"purchasable","13":"product-type-simple"},"acf":[],"_links":{"self":[{"href":"https:\/\/piwnespa.com\/sk\/wp-json\/wp\/v2\/product\/7599","targetHints":{"allow":["GET"]}}],"collection":[{"href":"https:\/\/piwnespa.com\/sk\/wp-json\/wp\/v2\/product"}],"about":[{"href":"https:\/\/piwnespa.com\/sk\/wp-json\/wp\/v2\/types\/product"}],"replies":[{"embeddable":true,"href":"https:\/\/piwnespa.com\/sk\/wp-json\/wp\/v2\/comments?post=7599"}],"wp:featuredmedia":[{"embeddable":true,"href":"https:\/\/piwnespa.com\/sk\/wp-json\/wp\/v2\/media\/3122"}],"wp:attachment":[{"href":"https:\/\/piwnespa.com\/sk\/wp-json\/wp\/v2\/media?parent=7599"}],"wp:term":[{"taxonomy":"product_brand","embeddable":true,"href":"https:\/\/piwnespa.com\/sk\/wp-json\/wp\/v2\/product_brand?post=7599"},{"taxonomy":"product_cat","embeddable":true,"href":"https:\/\/piwnespa.com\/sk\/wp-json\/wp\/v2\/product_cat?post=7599"},{"taxonomy":"product_tag","embeddable":true,"href":"https:\/\/piwnespa.com\/sk\/wp-json\/wp\/v2\/product_tag?post=7599"}],"curies":[{"name":"wp","href":"https:\/\/api.w.org\/{rel}","templated":true}]}}