{"id":9705,"date":"2025-07-28T12:49:31","date_gmt":"2025-07-28T12:49:31","guid":{"rendered":"https:\/\/piwnespa.com\/produkt\/bohemia-ol-kosmetika\/"},"modified":"2025-07-28T12:49:31","modified_gmt":"2025-07-28T10:49:31","slug":"bohemia-ol-kosmetika","status":"publish","type":"product","link":"https:\/\/piwnespa.com\/sv\/produkt\/bohemia-ol-kosmetika\/","title":{"rendered":"Bohemia \u00f6l kosmetika"},"content":{"rendered":"<div class=\"elementor-element elementor-element-168cc799 elementor-widget elementor-widget-woocommerce-product-short-description\" data-id=\"168cc799\" data-element_type=\"widget\" data-widget_type=\"woocommerce-product-short-description.default\">\n<div class=\"elementor-widget-container\">\n<div class=\"woocommerce-product-details__short-description\">\n<p>Ett set med \u00f6lkosmetika fr\u00e5n SAELA.<\/p>\n<p>Det h\u00e4r \u00e4r unika preparat som har den ber\u00f6mda tjeckiska \u00f6len, humleextrakt och bryggerij\u00e4st i sin sammans\u00e4ttning. Alla kosmetika \u00e4r allergiv\u00e4nliga, milda och har en behaglig, fruktig doft. Produkterna \u00e4r l\u00e4mpliga f\u00f6r b\u00e5de m\u00e4n och kvinnor samt f\u00f6r barn fr\u00e5n 3 \u00e5rs \u00e5lder. Vid regelbunden anv\u00e4ndning h\u00e5ller de huden \u00e5terfuktad, smidig, mjuk och silkeslen.   <\/p>\n<p>Ing\u00e5r:<\/p>\n<p>&#8211; 1 x Duschgel 300 ml<br \/>\n&#8211; 1 x Peeling 300 ml<br \/>\n&#8211; 1 x Mask f\u00f6r ansikte, hals och dekolletage<\/p>\n<p><strong>Setet \u00e4r perfekt som present!  <\/strong><\/p>\n<p>Levereras i elegant kraftf\u00f6rpackning.<\/p>\n<\/div>\n<\/div>\n<\/div>\n","protected":false},"excerpt":{"rendered":"<p>Ett set med \u00f6lkosmetika fr\u00e5n SAELA. Det h\u00e4r \u00e4r unika preparat som har den ber\u00f6mda tjeckiska \u00f6len, humleextrakt och bryggerij\u00e4st i sin sammans\u00e4ttning. Alla kosmetika \u00e4r allergiv\u00e4nliga, milda och har en behaglig, fruktig doft. Produkterna \u00e4r l\u00e4mpliga f\u00f6r b\u00e5de m\u00e4n och kvinnor samt f\u00f6r barn fr\u00e5n 3 \u00e5rs \u00e5lder. Vid regelbunden anv\u00e4ndning h\u00e5ller de huden [&hellip;]<\/p>\n","protected":false},"featured_media":3125,"comment_status":"open","ping_status":"closed","template":"","meta":{"_acf_changed":false},"product_brand":[],"product_cat":[440],"product_tag":[],"class_list":{"0":"post-9705","1":"product","2":"type-product","3":"status-publish","4":"has-post-thumbnail","6":"product_cat-ol-kosmetika","8":"first","9":"outofstock","10":"taxable","11":"shipping-taxable","12":"purchasable","13":"product-type-simple"},"acf":[],"_links":{"self":[{"href":"https:\/\/piwnespa.com\/sv\/wp-json\/wp\/v2\/product\/9705","targetHints":{"allow":["GET"]}}],"collection":[{"href":"https:\/\/piwnespa.com\/sv\/wp-json\/wp\/v2\/product"}],"about":[{"href":"https:\/\/piwnespa.com\/sv\/wp-json\/wp\/v2\/types\/product"}],"replies":[{"embeddable":true,"href":"https:\/\/piwnespa.com\/sv\/wp-json\/wp\/v2\/comments?post=9705"}],"wp:featuredmedia":[{"embeddable":true,"href":"https:\/\/piwnespa.com\/sv\/wp-json\/wp\/v2\/media\/3125"}],"wp:attachment":[{"href":"https:\/\/piwnespa.com\/sv\/wp-json\/wp\/v2\/media?parent=9705"}],"wp:term":[{"taxonomy":"product_brand","embeddable":true,"href":"https:\/\/piwnespa.com\/sv\/wp-json\/wp\/v2\/product_brand?post=9705"},{"taxonomy":"product_cat","embeddable":true,"href":"https:\/\/piwnespa.com\/sv\/wp-json\/wp\/v2\/product_cat?post=9705"},{"taxonomy":"product_tag","embeddable":true,"href":"https:\/\/piwnespa.com\/sv\/wp-json\/wp\/v2\/product_tag?post=9705"}],"curies":[{"name":"wp","href":"https:\/\/api.w.org\/{rel}","templated":true}]}}